{"id":2,"date":"2024-01-14T17:57:09","date_gmt":"2024-01-14T17:57:09","guid":{"rendered":"http:\/\/123c.czcz\/www\/?page_id=2"},"modified":"2024-01-14T22:11:22","modified_gmt":"2024-01-14T22:11:22","slug":"sample-page","status":"publish","type":"page","link":"https:\/\/www.123c.cz\/","title":{"rendered":"Development &#038; Consulting"},"content":{"rendered":"\n<p>Profesion\u00e1ln\u00ed development a konzulting pro ka\u017ed\u00fd projekt.<\/p>\n\n\n\n<blockquote class=\"wp-block-quote is-layout-flow wp-block-quote-is-layout-flow\">\n<p><strong>123-Consulting s.r.o.<\/strong><\/p>\n\n\n\n<p>ICO: 04179145<\/p>\n\n\n\n<p>DIC:  CZ04179145<\/p>\n<cite>Lidicka 19, 60200 BRNO<\/cite><\/blockquote>\n\n\n\n<p>email: <strong>info@123c.cz<\/strong>         tel: +420 773 128797<\/p>\n","protected":false},"excerpt":{"rendered":"<p>Profesion\u00e1ln\u00ed development a konzulting pro ka\u017ed\u00fd projekt. 123-Consulting s.r.o. ICO: 04179145 DIC: CZ04179145 Lidicka 19, 60200 BRNO email: info@123c.cz tel: +420 773 128797<\/p>\n","protected":false},"author":1,"featured_media":43,"parent":0,"menu_order":0,"comment_status":"closed","ping_status":"open","template":"page-wide","meta":{"footnotes":""},"class_list":["post-2","page","type-page","status-publish","has-post-thumbnail","hentry"],"_links":{"self":[{"href":"https:\/\/www.123c.cz\/index.php?rest_route=\/wp\/v2\/pages\/2","targetHints":{"allow":["GET"]}}],"collection":[{"href":"https:\/\/www.123c.cz\/index.php?rest_route=\/wp\/v2\/pages"}],"about":[{"href":"https:\/\/www.123c.cz\/index.php?rest_route=\/wp\/v2\/types\/page"}],"author":[{"embeddable":true,"href":"https:\/\/www.123c.cz\/index.php?rest_route=\/wp\/v2\/users\/1"}],"replies":[{"embeddable":true,"href":"https:\/\/www.123c.cz\/index.php?rest_route=%2Fwp%2Fv2%2Fcomments&post=2"}],"version-history":[{"count":5,"href":"https:\/\/www.123c.cz\/index.php?rest_route=\/wp\/v2\/pages\/2\/revisions"}],"predecessor-version":[{"id":53,"href":"https:\/\/www.123c.cz\/index.php?rest_route=\/wp\/v2\/pages\/2\/revisions\/53"}],"wp:featuredmedia":[{"embeddable":true,"href":"https:\/\/www.123c.cz\/index.php?rest_route=\/wp\/v2\/media\/43"}],"wp:attachment":[{"href":"https:\/\/www.123c.cz\/index.php?rest_route=%2Fwp%2Fv2%2Fmedia&parent=2"}],"curies":[{"name":"wp","href":"https:\/\/api.w.org\/{rel}","templated":true}]}}